{"id":142,"date":"2019-02-16T16:23:38","date_gmt":"2019-02-16T16:23:38","guid":{"rendered":"https:\/\/www.rainbow-ergonomie.com\/index.php\/demo-contact\/"},"modified":"2026-03-20T17:34:26","modified_gmt":"2026-03-20T17:34:26","slug":"demo-contact","status":"publish","type":"page","link":"https:\/\/www.rainbow-ergonomie.com\/index.php\/demo-contact\/","title":{"rendered":"DEMO: CONTACT"},"content":{"rendered":"<div id=\"cs-content\" class=\"cs-content\"><div class=\"x-section e142-e1 m3y-0 m3y-1\"><div class=\"x-row e142-e2 m3y-a m3y-b m3y-c m3y-d m3y-e m3y-f m3y-g m3y-m m3y-n\"><div class=\"x-row-inner\"><div class=\"x-col e142-e3 m3y-z m3y-10 m3y-11\"><div class=\"x-text x-text-headline e142-e4 m3y-16 m3y-17\"><div class=\"x-text-content\"><div class=\"x-text-content-text\"><h1 class=\"x-text-content-text-primary\">Besoin d'un renseignement ?<br \/>Contactez-nous<\/h1>\n<\/div><\/div><\/div><\/div><\/div><\/div><\/div><div class=\"x-section e142-e6 m3y-0 m3y-2 m3y-3 m3y-4 m3y-5 x-force-full-width head_spacer\"><div class=\"x-bg\" aria-hidden=\"true\"><div class=\"x-bg-layer-lower-image\"><\/div><\/div><div class=\"x-row e142-e7 m3y-a m3y-b m3y-f m3y-g m3y-h m3y-m m3y-o\"><div class=\"x-row-inner\"><div class=\"x-col e142-e8 m3y-z m3y-10 m3y-11\"><hr class=\"x-line e142-e9 m3y-1g m3y-1h\"\/><\/div><\/div><\/div><\/div><div class=\"x-section e142-e10 m3y-0 m3y-6 m3y-7 x-force-full-width x-padded\"><div class=\"x-row e142-e11 m3y-a m3y-b m3y-f m3y-g m3y-h m3y-m m3y-p\"><div class=\"x-row-inner\"><div class=\"x-col e142-e12 m3y-z m3y-10 m3y-11\"><span class=\"x-image e142-e13 m3y-1j m3y-1k m3y-1l\"><img decoding=\"async\" src=\"https:\/\/www.rainbow-ergonomie.com\/wp-content\/uploads\/2026\/03\/2482135572_77141df0c1_b.jpg\" width=\"863\" height=\"326\" alt=\"Image\" loading=\"lazy\"><\/span><div class=\"x-text x-content e142-e14 m3y-1a m3y-1b m3y-1d m3y-1e\"><p><span style=\"color: #ffffff;\">Hy&egrave;res et les &icirc;les de Porqueroles, Port Cros et &icirc;le du Levant (Var)<\/span><\/p><\/div><\/div><\/div><\/div><\/div><div class=\"x-section e142-e15 m3y-0 m3y-3 m3y-7 m3y-8 x-force-full-width\"><div class=\"x-row e142-e16 m3y-a m3y-b m3y-c m3y-d m3y-e m3y-f m3y-g m3y-m m3y-q\"><div class=\"x-row-inner\"><div class=\"x-col e142-e17 m3y-z m3y-10 m3y-11\"><div class=\"x-text x-content e142-e18 m3y-1a m3y-1f\">Postez votre message ici pour une r\u00e9ponse rapide ...<\/div><\/div><\/div><\/div><div class=\"x-row e142-e19 m3y-a m3y-b m3y-d m3y-f m3y-i m3y-j m3y-r\"><div class=\"x-row-inner\"><div class=\"x-col e142-e20 m3y-10 m3y-11 m3y-12\"><div class=\"x-text x-content e142-e21 m3y-1a m3y-1b m3y-1d m3y-1e\">\n<div class=\"wpcf7 no-js\" id=\"wpcf7-f23-o1\" lang=\"fr-FR\" dir=\"ltr\" data-wpcf7-id=\"23\">\n<div class=\"screen-reader-response\"><p role=\"status\" aria-live=\"polite\" aria-atomic=\"true\"><\/p> <ul><\/ul><\/div>\n<form action=\"\/index.php\/wp-json\/wp\/v2\/pages\/142#wpcf7-f23-o1\" method=\"post\" class=\"wpcf7-form init\" aria-label=\"Formulaire de contact\" novalidate=\"novalidate\" data-status=\"init\">\n<fieldset class=\"hidden-fields-container\"><input type=\"hidden\" name=\"_wpcf7\" value=\"23\" \/><input type=\"hidden\" name=\"_wpcf7_version\" value=\"6.1.5\" \/><input type=\"hidden\" name=\"_wpcf7_locale\" value=\"fr_FR\" \/><input type=\"hidden\" name=\"_wpcf7_unit_tag\" value=\"wpcf7-f23-o1\" \/><input type=\"hidden\" name=\"_wpcf7_container_post\" value=\"0\" \/><input type=\"hidden\" name=\"_wpcf7_posted_data_hash\" value=\"\" \/>\n<\/fieldset>\n<p><label> <\/label>\n<\/p>\n<p style=\"color:white;\">Votre nom\n<\/p>\n<p><span class=\"wpcf7-form-control-wrap\" data-name=\"your-name\"><input size=\"40\" maxlength=\"400\" class=\"wpcf7-form-control wpcf7-text wpcf7-validates-as-required\" autocomplete=\"name\" aria-required=\"true\" aria-invalid=\"false\" value=\"\" type=\"text\" name=\"your-name\" \/><\/span>\n<\/p>\n<p><label> <\/label>\n<\/p>\n<p style=\"color:white;\">Votre e-mail\n<\/p>\n<p><span class=\"wpcf7-form-control-wrap\" data-name=\"your-email\"><input size=\"40\" maxlength=\"400\" class=\"wpcf7-form-control wpcf7-email wpcf7-validates-as-required wpcf7-text wpcf7-validates-as-email\" autocomplete=\"email\" aria-required=\"true\" aria-invalid=\"false\" value=\"\" type=\"email\" name=\"your-email\" \/><\/span>\n<\/p>\n<p><label> <\/label>\n<\/p>\n<p style=\"color:white;\">Objet\n<\/p>\n<p><span class=\"wpcf7-form-control-wrap\" data-name=\"your-subject\"><input size=\"40\" maxlength=\"400\" class=\"wpcf7-form-control wpcf7-text wpcf7-validates-as-required\" aria-required=\"true\" aria-invalid=\"false\" value=\"\" type=\"text\" name=\"your-subject\" \/><\/span>\n<\/p>\n<p><label> <\/label>\n<\/p>\n<p style=\"color:white;\">Votre message (facultatif)\n<\/p>\n<p><span class=\"wpcf7-form-control-wrap\" data-name=\"your-message\"><textarea cols=\"40\" rows=\"10\" maxlength=\"2000\" class=\"wpcf7-form-control wpcf7-textarea\" aria-invalid=\"false\" name=\"your-message\"><\/textarea><\/span>\n<\/p>\n<p><input class=\"wpcf7-form-control wpcf7-submit has-spinner\" type=\"submit\" value=\"Envoyer\" \/>\n<\/p><p style=\"display: none !important;\" class=\"akismet-fields-container\" data-prefix=\"_wpcf7_ak_\"><label>&#916;<textarea name=\"_wpcf7_ak_hp_textarea\" cols=\"45\" rows=\"8\" maxlength=\"100\"><\/textarea><\/label><input type=\"hidden\" id=\"ak_js_1\" name=\"_wpcf7_ak_js\" value=\"95\"\/><script type=\"text\/javascript\">\n\/* <![CDATA[ *\/\ndocument.getElementById( \"ak_js_1\" ).setAttribute( \"value\", ( new Date() ).getTime() );\n\/* ]]> *\/\n<\/script>\n<\/p><div class=\"wpcf7-response-output\" aria-hidden=\"true\"><\/div>\n<\/form>\n<\/div>\n<\/div><\/div><\/div><\/div><div class=\"x-row e142-e22 m3y-a m3y-b m3y-g m3y-h m3y-m m3y-s\"><div class=\"x-row-inner\"><div class=\"x-col e142-e23 m3y-z m3y-10 m3y-11\"><hr class=\"x-line e142-e24 m3y-1g m3y-1h\"\/><\/div><\/div><\/div><\/div><div class=\"x-section e142-e25 m3y-0 m3y-2 m3y-3 x-force-full-width x-rtl\"><div class=\"x-row e142-e26 m3y-a m3y-f m3y-g m3y-h m3y-k m3y-m m3y-t\"><div class=\"x-row-inner\"><div class=\"x-col e142-e27 m3y-z m3y-10 m3y-11 m3y-13 m3y-14\"><span class=\"x-image e142-e28 m3y-1j m3y-1l m3y-1m\"><img decoding=\"async\" src=\"https:\/\/www.rainbow-ergonomie.com\/wp-content\/uploads\/2026\/03\/CarteHyeres.jpg\" width=\"730\" height=\"278\" alt=\"Image\" loading=\"lazy\"><\/span><\/div><div class=\"x-col e142-e29 m3y-z m3y-10 m3y-13 m3y-15\"><span class=\"x-image e142-e30 m3y-1j m3y-1l m3y-1m\"><img decoding=\"async\" src=\"https:\/\/www.rainbow-ergonomie.com\/wp-content\/uploads\/2026\/03\/arc4-150x150-1.png\" width=\"150\" height=\"150\" alt=\"Image\" loading=\"lazy\"><\/span><hr class=\"x-line e142-e31 m3y-1h m3y-1i\"\/><div class=\"cs-content x-global-block x-global-block-154 e142-e32\"><div class=\"x-section e154-e2 m4a-0\"><div class=\"x-row e154-e3 m4a-1 m4a-2\"><div class=\"x-row-inner\"><div class=\"x-col e154-e4 m4a-3\"><div class=\"x-text x-content e154-e5 m4a-4\"><p>3362 chemin du Plan du Pont<br \/>\n83400 Hy\u00e8res (Si\u00e8ge)<\/p>\n<p>3 rue de l'EspriouVilla n\u00b011<br \/>\n34540 Balaruc le Vieux<\/p><\/div><\/div><\/div><\/div><\/div><\/div><hr class=\"x-line e142-e33 m3y-1h m3y-1i\"\/><div class=\"cs-content x-global-block x-global-block-153 e142-e34\"><div class=\"x-section e153-e2 m49-0\"><div class=\"x-row e153-e3 m49-1 m49-2\"><div class=\"x-row-inner\"><div class=\"x-col e153-e4 m49-3\"><div class=\"x-text x-content e153-e5 m49-4\"><p>Email : <a href=\"mailto:rainbow.ergonomie@wanadoo.fr\">rainbow.ergonomie@wanadoo.fr<\/a><br \/>\nT\u00e9l\u00e9phone : +33(0)6 80 36 78 76<br \/>\n\u00a0 \u00a0 \u00a0 \u00a0 \u00a0 \u00a0 \u00a0 \u00a0 \u00a0 \u00a0 \u00a0 \u00a0 \u00a0 +33(0)6 46 00 79 52<\/p><\/div><\/div><\/div><\/div><\/div><\/div><\/div><\/div><\/div><\/div><div class=\"x-section e142-e35 m3y-0 m3y-4 m3y-8 m3y-9 x-force-full-width\"><div class=\"x-row e142-e36 m3y-a m3y-b m3y-c m3y-d m3y-e m3y-f m3y-g m3y-m m3y-u\"><div class=\"x-row-inner\"><div class=\"x-col e142-e37 m3y-z m3y-10 m3y-11\"><div class=\"x-text x-text-headline e142-e38 m3y-17 m3y-18\"><div class=\"x-text-content\"><div class=\"x-text-content-text\"><h1 class=\"x-text-content-text-primary\">Rejoignez notre F&eacute;d&eacute;ration<\/h1>\n<\/div><\/div><\/div><\/div><\/div><\/div><div class=\"x-row e142-e39 m3y-a m3y-b m3y-d m3y-e m3y-j m3y-l m3y-v m3y-w\"><div class=\"x-row-inner\"><div class=\"x-col e142-e40 m3y-z m3y-10 m3y-11\"><a class=\"x-image e142-e41 m3y-1j m3y-1m m3y-1n\" href=\"https:\/\/www.cinov.fr\/\" target=\"_blank\" rel=\"noopener noreferrer\"><img decoding=\"async\" src=\"https:\/\/www.rainbow-ergonomie.com\/wp-content\/uploads\/2026\/03\/newlogo.png\" width=\"180\" height=\"78\" alt=\"Image\" loading=\"lazy\"><\/a><\/div><div class=\"x-col e142-e42 m3y-z m3y-10 m3y-11\"><hr class=\"x-line e142-e43 m3y-1o\"\/><\/div><div class=\"x-col e142-e44 m3y-z m3y-10 m3y-11\"><div class=\"x-text x-content e142-e45 m3y-19 m3y-1a m3y-1b m3y-1e\"><p>F\u00e9d\u00e9rant 15 syndicats \u00ab m\u00e9tier \u00bb et plus de 4 000 entreprises adh\u00e9rentes, la F\u00e9d\u00e9ration Cinov est la f\u00e9d\u00e9ration patronale repr\u00e9sentative de la branche BETIC. Elle regroupe les entreprises des m\u00e9tiers du conseil, de l\u2019ing\u00e9nierie et du num\u00e9rique. Proche des territoires, elle est implant\u00e9e dans 14 r\u00e9gions en France m\u00e9tropolitaine et outre-mer.<\/p>\n<p>4 avenue du Recteur Poincar\u00e9 - 75016 PARIS<br \/>\n+33(0)6 77 42 28 77<br \/>\n<a href=\"mailto:cinov@cinov.fr\">cinov@cinov.fr<\/a> - <a href=\"http:\/\/www.cinov.fr\/\">www.cinov.fr<\/a><\/p><\/div><\/div><\/div><\/div><div class=\"x-row e142-e46 m3y-a m3y-b m3y-d m3y-e m3y-j m3y-l m3y-v m3y-x\"><div class=\"x-row-inner\"><div class=\"x-col e142-e47 m3y-z m3y-10 m3y-11\"><a class=\"x-image e142-e48 m3y-1j m3y-1m m3y-1n\" href=\"https:\/\/www.cinov.fr\/\" target=\"_blank\" rel=\"noopener noreferrer\"><img decoding=\"async\" src=\"https:\/\/www.rainbow-ergonomie.com\/wp-content\/uploads\/2026\/03\/CinovErgo.jpg\" width=\"379\" height=\"98\" alt=\"Image\" loading=\"lazy\"><\/a><\/div><div class=\"x-col e142-e49 m3y-z m3y-10 m3y-11\"><hr class=\"x-line e142-e50 m3y-1o\"\/><\/div><div class=\"x-col e142-e51 m3y-z m3y-10 m3y-11\"><div class=\"x-text x-content e142-e52 m3y-19 m3y-1a m3y-1b m3y-1e\"><p><strong>Jean-Luc REINERO - <\/strong>Pr\u00e9sident du Syndicat des cabinets-conseils en ergonomie<\/p>\n<p>4 avenue du Recteur Poincar\u00e9 - 75782 PARIS Cedex 16<br \/>\n01 44 30 49 43 - 06 80 36 78 76<br \/>\n<a href=\"http:\/\/www.cinov-ergonomie.fr\/\">www.cinov-ergonomie.fr<\/a> - <a href=\"mailto:reinero@cinov.fr\">reinero@cinov.fr<\/a><\/p><\/div><\/div><\/div><\/div><div class=\"x-row e142-e53 m3y-a m3y-b m3y-d m3y-e m3y-j m3y-l m3y-v m3y-y\"><div class=\"x-row-inner\"><div class=\"x-col e142-e54 m3y-z m3y-10 m3y-11\"><a class=\"x-image e142-e55 m3y-1j m3y-1m m3y-1n\" href=\"https:\/\/www.cinov.fr\/\" target=\"_blank\" rel=\"noopener noreferrer\"><img decoding=\"async\" src=\"https:\/\/www.rainbow-ergonomie.com\/wp-content\/uploads\/2026\/03\/CinovPC.jpg\" width=\"433\" height=\"202\" alt=\"Image\" loading=\"lazy\"><\/a><\/div><div class=\"x-col e142-e56 m3y-z m3y-10 m3y-11\"><hr class=\"x-line e142-e57 m3y-1o\"\/><\/div><div class=\"x-col e142-e58 m3y-z m3y-10 m3y-11\"><div class=\"x-text x-content e142-e59 m3y-19 m3y-1a m3y-1b m3y-1e\"><p><strong>Xavier LEJEUNE<\/strong> - President Cinov PACA Corse<\/p>\n<p>Immeuble le Mansard Bat C - Avenue du 8 mai 45 - 13090 Aix en Provence<br \/>01 44 30 49 30 - 06 11 51 83 24<br \/><a href=\"mailto:pacacorse@cinov.fr\">pacacorse@cinov.fr - <\/a><a href=\"http:\/\/www.cinov.fr\/\">www.cinov.fr<\/a><\/p><\/div><\/div><\/div><\/div><\/div><\/div>","protected":false},"excerpt":{"rendered":"<p>Besoin d&rsquo;un renseignement ?Contactez-nous Hy&egrave;res et les &icirc;les de Porqueroles, Port Cros et &icirc;le du Levant (Var)Postez votre message ici pour une r\u00e9ponse rapide &#8230; Votre nom Votre e-mail Objet Votre message (facultatif) &#916; 3362 chemin du Plan du Pont &#8230; <\/p>\n<div><a href=\"https:\/\/www.rainbow-ergonomie.com\/index.php\/demo-contact\/\" class=\"more-link\">Read More<\/a><\/div>\n","protected":false},"author":1,"featured_media":0,"parent":0,"menu_order":0,"comment_status":"closed","ping_status":"closed","template":"template-blank-4.php","meta":{"footnotes":""},"class_list":["post-142","page","type-page","status-publish","hentry","no-post-thumbnail"],"_links":{"self":[{"href":"https:\/\/www.rainbow-ergonomie.com\/index.php\/wp-json\/wp\/v2\/pages\/142","targetHints":{"allow":["GET"]}}],"collection":[{"href":"https:\/\/www.rainbow-ergonomie.com\/index.php\/wp-json\/wp\/v2\/pages"}],"about":[{"href":"https:\/\/www.rainbow-ergonomie.com\/index.php\/wp-json\/wp\/v2\/types\/page"}],"author":[{"embeddable":true,"href":"https:\/\/www.rainbow-ergonomie.com\/index.php\/wp-json\/wp\/v2\/users\/1"}],"replies":[{"embeddable":true,"href":"https:\/\/www.rainbow-ergonomie.com\/index.php\/wp-json\/wp\/v2\/comments?post=142"}],"version-history":[{"count":10,"href":"https:\/\/www.rainbow-ergonomie.com\/index.php\/wp-json\/wp\/v2\/pages\/142\/revisions"}],"predecessor-version":[{"id":257,"href":"https:\/\/www.rainbow-ergonomie.com\/index.php\/wp-json\/wp\/v2\/pages\/142\/revisions\/257"}],"wp:attachment":[{"href":"https:\/\/www.rainbow-ergonomie.com\/index.php\/wp-json\/wp\/v2\/media?parent=142"}],"curies":[{"name":"wp","href":"https:\/\/api.w.org\/{rel}","templated":true}]}}