{"id":143,"date":"2019-02-16T16:22:50","date_gmt":"2019-02-16T16:22:50","guid":{"rendered":"https:\/\/www.rainbow-ergonomie.com\/index.php\/demo-services\/"},"modified":"2026-03-26T09:54:09","modified_gmt":"2026-03-26T09:54:09","slug":"demo-services","status":"publish","type":"page","link":"https:\/\/www.rainbow-ergonomie.com\/index.php\/demo-services\/","title":{"rendered":"DEMO: SERVICES"},"content":{"rendered":"<div id=\"cs-content\" class=\"cs-content\"><div class=\"x-section e143-e1 m3z-0 m3z-1\"><div class=\"x-row e143-e2 m3z-9 m3z-a m3z-b m3z-c m3z-d m3z-e m3z-f m3z-q m3z-r\"><div class=\"x-row-inner\"><div class=\"x-col e143-e3 m3z-12\"><div class=\"x-text x-text-headline e143-e4 m3z-13 m3z-14 m3z-15 m3z-16\"><div class=\"x-text-content\"><div class=\"x-text-content-text\"><h1 class=\"x-text-content-text-primary\">Conseils et pr&eacute;conisations adapt&eacute;es<\/h1>\n<\/div><\/div><\/div><div class=\"x-text x-content e143-e5 m3z-1a m3z-1b m3z-1c m3z-1d m3z-1e\"><p>Le conseil et l\u2019expertise apport\u00e9es par notre soci\u00e9t\u00e9 tient compte de la particularit\u00e9 de la demande.<br \/>\nLe d\u00e9roulement et les r\u00e9sultats tiennent compte de la disponibilit\u00e9, l\u2019engagement du demandeur et les ressources qu\u2019il peut mobiliser<br \/>\nLa r\u00e9ussite de l\u2019\u00e9tude s\u2019appuie sur une communication claire et transparente de l\u2019objet analys\u00e9, du temps laiss\u00e9 pour le partage et la maturation des \u00e9changes et le respect de la confidentialit\u00e9<\/p><\/div><\/div><\/div><\/div><\/div><div class=\"x-section e143-e6 m3z-0 m3z-2 m3z-3 x-force-full-width head_spacer\"><div class=\"x-bg\" aria-hidden=\"true\"><div class=\"x-bg-layer-lower-image\"><\/div><\/div><div class=\"x-row x-container max width e143-e7 m3z-9 m3z-a m3z-e m3z-f m3z-g m3z-h m3z-q m3z-s\"><div class=\"x-row-inner\"><div class=\"x-col e143-e8 m3z-12\"><hr class=\"x-line e143-e9 m3z-1l\"\/><\/div><\/div><\/div><\/div><div class=\"x-section e143-e10 m3z-0 m3z-4 m3z-5 x-force-full-width x-padded\"><div class=\"x-row e143-e11 m3z-9 m3z-a m3z-e m3z-f m3z-g m3z-h m3z-q m3z-t\"><div class=\"x-row-inner\"><div class=\"x-col e143-e12 m3z-12\"><span class=\"x-image e143-e13 m3z-1m\"><img decoding=\"async\" src=\"https:\/\/www.rainbow-ergonomie.com\/wp-content\/uploads\/2026\/03\/conseil.png\" width=\"1536\" height=\"581\" alt=\"Image\" loading=\"lazy\"><\/span><\/div><\/div><\/div><\/div><div class=\"x-section e143-e14 m3z-0 m3z-3 m3z-5 m3z-6 x-force-full-width\"><div class=\"x-row e143-e15 m3z-9 m3z-a m3z-c m3z-i m3z-j m3z-u\"><div class=\"x-row-inner\"><div class=\"x-col e143-e16 m3z-12\"><div class=\"x-text x-text-headline e143-e17 m3z-14 m3z-16 m3z-17 m3z-18\"><div class=\"x-text-content\"><div class=\"x-text-content-text\"><h1 class=\"x-text-content-text-primary\">Objectifs<\/h1>\n<\/div><\/div><\/div><\/div><div class=\"x-col e143-e18 m3z-12\"><hr class=\"x-line e143-e19 m3z-1n\"\/><\/div><div class=\"x-col e143-e20 m3z-12\"><div class=\"x-text x-content e143-e21 m3z-1c m3z-1d m3z-1e m3z-1f m3z-1g\"><p>Nous avons pour objectif d\u2019am\u00e9liorer les situations\u00a0:<br \/>\nPour une meilleure pr\u00e9vention de la sant\u00e9 et d\u00e9veloppement du bien \u00eatre<br \/>\nPour un d\u00e9veloppement de la performance<br \/>\nNous agissons comme un levier strat\u00e9gique de performance durable.<br \/>\n<strong>Au c\u0153ur des enjeux humains, organisationnels et \u00e9conomiques<\/strong>, Rainbow ergonomie accompagne les entreprises dans la conception et la transformation des situations de travail. Sa valeur ajout\u00e9e repose sur une approche globale, scientifique et op\u00e9rationnelle, centr\u00e9e sur l\u2019humain comme facteur cl\u00e9 de r\u00e9ussite.<br \/>\n<strong>Une expertise multipotentielle<br \/>\n<\/strong>Pour agir simultan\u00e9ment sur :<\/p>\n\n<ul>\n \t<li><strong>La performance et la productivit\u00e9<\/strong><\/li>\n \t<li><strong>La sant\u00e9, la s\u00e9curit\u00e9 et la pr\u00e9vention des risques<\/strong><\/li>\n \t<li><strong>La qualit\u00e9 de vie et l\u2019engagement au travail<\/strong><\/li>\n \t<li><strong>L\u2019innovation et la conception des syst\u00e8mes<\/strong><\/li>\n \t<li><strong>La conduite du changement et la transformation des organisations<\/strong><\/li>\n<\/ul>\n<p><strong>\u00a0<\/strong><strong>Une approche strat\u00e9gique<br \/>\n<\/strong>\u00c0 l\u2019interface entre direction, managers et collaborateurs, Rainbow ergonomie analyse les usages r\u00e9els du travail (de l\u2019activit\u00e9), anticipe les dysfonctionnements et co-construit des solutions durables, adapt\u00e9es aux r\u00e9alit\u00e9s du terrain et aux objectifs de l\u2019entreprise.<\/p>\n<p><strong>Un investissement \u00e0 forte valeur ajout\u00e9e<br \/>\n<\/strong>En pla\u00e7ant l\u2019humain au centre des d\u00e9cisions, l\u2019\u00e9tude ergonomique devient un <strong>outil de comp\u00e9titivit\u00e9<\/strong>, de <strong>pr\u00e9vention durable<\/strong> et de <strong>p\u00e9rennit\u00e9 organisationnelle<\/strong>, r\u00e9pondant aux enjeux \u00e9conomiques, sociaux et r\u00e9glementaires du monde professionnel contemporain<\/p><\/div><\/div><\/div><\/div><div class=\"x-row e143-e22 m3z-9 m3z-a m3z-c m3z-d m3z-f m3z-j m3z-k m3z-q m3z-v\"><div class=\"x-row-inner\"><div class=\"x-col e143-e23 m3z-12\"><div class=\"x-text x-content e143-e24 m3z-1b m3z-1c m3z-1g m3z-1h m3z-1i\">Notre m\u00e9thodologie pour vous accompagner :<\/div><\/div><\/div><\/div><div class=\"x-row e143-e25 m3z-9 m3z-a m3z-c m3z-d m3z-f m3z-j m3z-k m3z-l m3z-q m3z-w\"><div class=\"x-row-inner\"><div class=\"x-col e143-e26 m3z-12\"><div class=\"x-text x-content e143-e27 m3z-1b m3z-1c m3z-1d m3z-1i m3z-1j\"><ol class=\"process_list\">\n \t<li>\n<h6><span style=\"color: #ffffff;\">Analyse et compr\u00e9hension de la demande.<\/span><\/h6>\n<\/li>\n \t<li>\n<h6><span style=\"color: #ffffff;\">Entretiens, observation animation d'ateliers, analyse documentaire.<\/span><\/h6>\n<\/li>\n \t<li>\n<h6><span style=\"color: #ffffff;\">Diagnostic et pr\u00e9conisation.<\/span><\/h6>\n<\/li>\n \t<li>\n<h6><span style=\"color: #ffffff;\">Ateliers de simulation et r\u00e9daction des prescriptions.<\/span><\/h6>\n<\/li>\n \t<li>\n<h6><span style=\"color: #ffffff;\">Accompagnement et mise en \u0153uvre.<\/span><\/h6>\n<\/li>\n \t<li>\n<h6><span style=\"color: #ffffff;\">Suivi et \u00e9valuation.<\/span><\/h6>\n<\/li>\n<\/ol><\/div><\/div><\/div><\/div><div class=\"x-row e143-e28 m3z-9 m3z-a m3z-g m3z-m m3z-n m3z-x m3z-y\"><div class=\"x-row-inner\"><div class=\"x-col e143-e29 m3z-12\"><hr class=\"x-line e143-e30 m3z-1l\"\/><\/div><\/div><\/div><\/div><div class=\"x-section e143-e31 m3z-0 m3z-4 m3z-7\"><div class=\"x-row e143-e32 m3z-9 m3z-b m3z-c m3z-d m3z-e m3z-f m3z-l m3z-o m3z-q m3z-z\"><div class=\"x-row-inner\"><div class=\"x-col e143-e33 m3z-12\"><div class=\"cs-content x-global-block x-global-block-77 e143-e34\"><div class=\"x-section e77-e2 m25-0\"><div class=\"x-row e77-e3 m25-1 m25-2\"><div class=\"x-row-inner\"><div class=\"x-col e77-e4 m25-3\"><span class=\"x-image e77-e5 m25-4\"><img decoding=\"async\" src=\"https:\/\/www.rainbow-ergonomie.com\/wp-content\/uploads\/2026\/03\/Amelioration664.png\" width=\"664\" height=\"664\" alt=\"Image\" loading=\"lazy\"><\/span><div class=\"x-text x-text-headline e77-e6 m25-5\"><div class=\"x-text-content\"><div class=\"x-text-content-text\">\n<h1 class=\"x-text-content-text-primary\">Am&eacute;lioration des conditions de travail et de la performance<\/h1><\/div><\/div><\/div><\/div><div class=\"x-col e77-e7 m25-3\"><span class=\"x-image e77-e8 m25-4\"><img decoding=\"async\" src=\"https:\/\/www.rainbow-ergonomie.com\/wp-content\/uploads\/2026\/03\/Management664.png\" width=\"664\" height=\"664\" alt=\"Image\" loading=\"lazy\"><\/span><div class=\"x-text x-text-headline e77-e9 m25-5\"><div class=\"x-text-content\"><div class=\"x-text-content-text\">\n<h1 class=\"x-text-content-text-primary\">Management et organisation des syst&egrave;mes<\/h1><\/div><\/div><\/div><\/div><div class=\"x-col e77-e10 m25-3\"><span class=\"x-image e77-e11 m25-4\"><img decoding=\"async\" src=\"https:\/\/www.rainbow-ergonomie.com\/wp-content\/uploads\/2026\/03\/Prevention664.png\" width=\"664\" height=\"664\" alt=\"Image\" loading=\"lazy\"><\/span><div class=\"x-text x-text-headline e77-e12 m25-5\"><div class=\"x-text-content\"><div class=\"x-text-content-text\">\n<h1 class=\"x-text-content-text-primary\">Pr&eacute;vention des risques et protection de la sant&eacute;<\/h1><\/div><\/div><\/div><\/div><div class=\"x-col e77-e13 m25-3\"><span class=\"x-image e77-e14 m25-4\"><img decoding=\"async\" src=\"https:\/\/www.rainbow-ergonomie.com\/wp-content\/uploads\/2026\/03\/Accessibilite664.png\" width=\"664\" height=\"664\" alt=\"Image\" loading=\"lazy\"><\/span><div class=\"x-text x-text-headline e77-e15 m25-5\"><div class=\"x-text-content\"><div class=\"x-text-content-text\">\n<h1 class=\"x-text-content-text-primary\">Accessibilit&eacute; et handicap<\/h1><\/div><\/div><\/div><\/div><div class=\"x-col e77-e16 m25-3\"><span class=\"x-image e77-e17 m25-4\"><img decoding=\"async\" src=\"https:\/\/www.rainbow-ergonomie.com\/wp-content\/uploads\/2026\/03\/Mediation664.png\" width=\"664\" height=\"664\" alt=\"Image\" loading=\"lazy\"><\/span><div class=\"x-text x-text-headline e77-e18 m25-5\"><div class=\"x-text-content\"><div class=\"x-text-content-text\">\n<h1 class=\"x-text-content-text-primary\">Conduite du changement et m&eacute;diation<\/h1><\/div><\/div><\/div><\/div><div class=\"x-col e77-e19 m25-3\"><span class=\"x-image e77-e20 m25-4\"><img decoding=\"async\" src=\"https:\/\/www.rainbow-ergonomie.com\/wp-content\/uploads\/2026\/03\/Formation664.png\" width=\"664\" height=\"664\" alt=\"Image\" loading=\"lazy\"><\/span><div class=\"x-text x-text-headline e77-e21 m25-5\"><div class=\"x-text-content\"><div class=\"x-text-content-text\">\n<h1 class=\"x-text-content-text-primary\">Formation et gestion des comp&eacute;tences<\/h1><\/div><\/div><\/div><\/div><\/div><\/div><\/div><\/div><\/div><\/div><\/div><\/div><\/div>","protected":false},"excerpt":{"rendered":"<p>Conseils et pr&eacute;conisations adapt&eacute;es Le conseil et l\u2019expertise apport\u00e9es par notre soci\u00e9t\u00e9 tient compte de la particularit\u00e9 de la demande. Le d\u00e9roulement et les r\u00e9sultats tiennent compte de la disponibilit\u00e9, l\u2019engagement du demandeur et les ressources qu\u2019il peut mobiliser La &#8230; <\/p>\n<div><a href=\"https:\/\/www.rainbow-ergonomie.com\/index.php\/demo-services\/\" class=\"more-link\">Read More<\/a><\/div>\n","protected":false},"author":1,"featured_media":0,"parent":0,"menu_order":0,"comment_status":"closed","ping_status":"closed","template":"template-blank-4.php","meta":{"footnotes":""},"class_list":["post-143","page","type-page","status-publish","hentry","no-post-thumbnail"],"_links":{"self":[{"href":"https:\/\/www.rainbow-ergonomie.com\/index.php\/wp-json\/wp\/v2\/pages\/143","targetHints":{"allow":["GET"]}}],"collection":[{"href":"https:\/\/www.rainbow-ergonomie.com\/index.php\/wp-json\/wp\/v2\/pages"}],"about":[{"href":"https:\/\/www.rainbow-ergonomie.com\/index.php\/wp-json\/wp\/v2\/types\/page"}],"author":[{"embeddable":true,"href":"https:\/\/www.rainbow-ergonomie.com\/index.php\/wp-json\/wp\/v2\/users\/1"}],"replies":[{"embeddable":true,"href":"https:\/\/www.rainbow-ergonomie.com\/index.php\/wp-json\/wp\/v2\/comments?post=143"}],"version-history":[{"count":6,"href":"https:\/\/www.rainbow-ergonomie.com\/index.php\/wp-json\/wp\/v2\/pages\/143\/revisions"}],"predecessor-version":[{"id":275,"href":"https:\/\/www.rainbow-ergonomie.com\/index.php\/wp-json\/wp\/v2\/pages\/143\/revisions\/275"}],"wp:attachment":[{"href":"https:\/\/www.rainbow-ergonomie.com\/index.php\/wp-json\/wp\/v2\/media?parent=143"}],"curies":[{"name":"wp","href":"https:\/\/api.w.org\/{rel}","templated":true}]}}