{"id":152,"date":"2019-02-10T16:01:12","date_gmt":"2019-02-10T16:01:12","guid":{"rendered":"https:\/\/www.rainbow-ergonomie.com\/index.php\/demo-home\/"},"modified":"2026-04-23T12:13:37","modified_gmt":"2026-04-23T12:13:37","slug":"demo-home","status":"publish","type":"page","link":"https:\/\/www.rainbow-ergonomie.com\/","title":{"rendered":"DEMO: HOME"},"content":{"rendered":"<div id=\"cs-content\" class=\"cs-content\"><div class=\"x-section e152-e1 m48-0 m48-1 m48-2\"><div class=\"x-row e152-e2 m48-c m48-d m48-e m48-f m48-g m48-h m48-i m48-j m48-k m48-l m48-m m48-n m48-w m48-x\"><div class=\"x-row-inner\"><div class=\"x-col e152-e3 m48-1a m48-1b m48-1c\"><span class=\"x-image e152-e4 m48-1f m48-1g m48-1h m48-1i\"><img decoding=\"async\" src=\"https:\/\/www.rainbow-ergonomie.com\/wp-content\/uploads\/2026\/03\/arc4-150x150-1.png\" width=\"150\" height=\"150\" alt=\"Image\" loading=\"lazy\"><\/span><div class=\"x-text x-text-headline e152-e5 m48-1n m48-1o m48-1p m48-1q m48-1r m48-1s m48-1t\"><div class=\"x-text-content\"><div class=\"x-text-content-text\"><h1 class=\"x-text-content-text-primary\">Rainbow Ergonomie<\/h1>\n<span class=\"x-text-content-text-subheadline\">GESTION DE TOUS PROBLEMES D'ENTREPRISES<\/span><\/div><\/div><\/div><div class=\"x-text x-content e152-e6 m48-21 m48-22 m48-23 m48-24 m48-25\"><p style=\"text-align: justify;\">A la pointe de <span style=\"color: #993300;\"><strong>l&rsquo;innovation<\/strong><\/span> et des <span style=\"color: #993300;\"><strong>changements<\/strong><\/span>, l&rsquo;Ergonomie devient essentielle dans le monde du travail et l&rsquo;activit&eacute; humaine.<br \/>En poursuivant un double objectif de <span style=\"color: #993300;\"><strong>pr&eacute;servation de la sant&eacute;, du bien &ecirc;tre<\/strong><\/span> des individus et de recherche de la performance des syst&egrave;mes d&rsquo;organisations, l&rsquo;ergonomie se situe au c&oelig;ur des probl&eacute;matiques actuelles.<br \/>Centr&eacute; sur la compr&eacute;hension <span style=\"color: #993300;\"><strong>des usages, de l&rsquo;activit&eacute; r&eacute;elle<\/strong><\/span>, l&rsquo;ergonome vise &agrave; <span style=\"color: #993300;\"><strong>am&eacute;liorer les conditions<\/strong><\/span> d&rsquo;exercice d&rsquo;une activit&eacute; (travailler, se loger, se d&eacute;placer, utiliser un &eacute;quipement, partager&hellip;) et <span style=\"color: #993300;\"><strong>objectiver les usages<\/strong><\/span>, tout en prenant en compte les crit&egrave;res de performance.<br \/>Ce regard port&eacute; par l&rsquo;ergonome permet de consid&eacute;rer les diff&eacute;rents points de vue. Son approche facilite <span style=\"color: #993300;\"><strong>la collaboration et l&rsquo;&eacute;change<\/strong><\/span> pour un meilleur partage. <br \/><span style=\"color: #993300;\"><strong>Cabinet pluridisciplinaire<\/strong>,<\/span> justifiant des comp&eacute;tences en ergonomie, architecture int&eacute;rieure, multi m&eacute;dia, <span style=\"color: #993300;\"><strong>Rainbow ergonomie<\/strong><\/span> intervient &agrave; la fois sur des r&eacute;solutions de probl&eacute;matiques et sur l&rsquo;accompagnement.<br \/>Le cabinet s&rsquo;appuie aussi sur un <span style=\"color: #993300;\"><strong>large r&eacute;seau professionnel<\/strong><\/span> pluridisciplinaire (&eacute;conomiste, acousticien, programmiste, sociologue, psychologue&hellip;) ce qui permet <span style=\"color: #993300;\"><strong>une approche globale<\/strong><\/span> et syst&eacute;mique des situations.<br \/>Les champs d&rsquo;intervention sont en <span style=\"color: #993300;\"><strong>poly activit&eacute;<\/strong><\/span> : industrie, service, sant&eacute;, agriculture, enseignement, b&acirc;timent, collectivit&eacute;s publiques, soci&eacute;t&eacute;s priv&eacute;es, Minist&egrave;res&hellip;<br \/>Ignorer les apports et atouts de l&rsquo;ergonomie serait une lacune <br \/>Rainbow ergonomie se propose d&rsquo;&ecirc;tre votre partenaire dans cet engagement<\/p>\n<p>Jean-Luc REINERO, G&eacute;rant<\/p><\/div><span class=\"x-image e152-e7 m48-1f m48-1g m48-1h m48-1i\"><img decoding=\"async\" src=\"https:\/\/www.rainbow-ergonomie.com\/wp-content\/uploads\/2026\/03\/Sign.jpg\" width=\"253\" height=\"131\" alt=\"Image\" loading=\"lazy\"><\/span><\/div><\/div><\/div><\/div><div class=\"x-section e152-e8 m48-0 m48-2 m48-3 m48-4 x-force-full-width head_spacer\"><div class=\"x-bg\" aria-hidden=\"true\"><div class=\"x-bg-layer-lower-image\"><\/div><\/div><div class=\"x-row e152-e9 m48-c m48-e m48-f m48-k m48-m m48-n m48-o m48-w m48-y\"><div class=\"x-row-inner\"><div class=\"x-col e152-e10 m48-1a m48-1b m48-1c\"><hr class=\"x-line e152-e11 m48-2b\"\/><\/div><\/div><\/div><\/div><div class=\"x-section e152-e12 m48-0 m48-2 m48-5 m48-6 x-force-full-width x-padded\"><div class=\"x-row e152-e13 m48-c m48-e m48-f m48-k m48-m m48-n m48-o m48-w m48-z\"><div class=\"x-row-inner\"><div class=\"x-col e152-e14 m48-1a m48-1b m48-1c\"><span class=\"x-image e152-e15 m48-1f m48-1h m48-1j m48-1k\"><img decoding=\"async\" src=\"https:\/\/www.rainbow-ergonomie.com\/wp-content\/uploads\/2026\/03\/IMG_9167-copie1170-scaled.jpg\" width=\"2560\" height=\"967\" alt=\"Image\" loading=\"lazy\"><\/span><\/div><div class=\"x-col e152-e16 m48-1b m48-1c m48-1d\"><div class=\"x-text x-content e152-e17 m48-21 m48-22 m48-23 m48-26 m48-27\"><p><span style=\"color: #ffffff;\">Pilote : Steeve ZERAFA<\/span><\/p><\/div><\/div><\/div><\/div><\/div><div class=\"x-section e152-e18 m48-0 m48-6 m48-7 m48-8 x-force-full-width\"><div class=\"x-row e152-e19 m48-c m48-e m48-f m48-g m48-h m48-i m48-j m48-k m48-l m48-m m48-n m48-w m48-10\"><div class=\"x-row-inner\"><div class=\"x-col e152-e20 m48-1a m48-1b m48-1c\"><div class=\"x-text x-content e152-e21 m48-21 m48-22 m48-27 m48-28 m48-29\"><p>Un cabinet d&rsquo;ergonomie a pour vocation d&rsquo;am&eacute;liorer la relation entre l&rsquo;&ecirc;tre humain, son travail et son environnement. <br \/>Loin d&rsquo;&ecirc;tre un luxe moderne, il s&rsquo;inscrit dans une tradition ancienne : celle du bon sens appliqu&eacute; au travail bien fait.<br \/>Lorsque l&rsquo;outil, le poste et l&rsquo;organisation sont adapt&eacute;s &agrave; l&rsquo;homme, tout devient plus simple, plus efficace et plus durable.<\/p><\/div><a class=\"x-anchor x-anchor-button has-graphic e152-e22 m48-2c\" tabindex=\"0\" href=\"https:\/\/www.rainbow-ergonomie.com\/index.php\/demo-contact\/\"><div class=\"x-anchor-content\"><span class=\"x-graphic\" aria-hidden=\"true\"><span class=\"x-image x-graphic-child x-graphic-image x-graphic-primary\"><img decoding=\"async\" src=\"https:\/\/www.rainbow-ergonomie.com\/wp-content\/uploads\/2026\/03\/button_icon_29.jpg\" width=\"63\" height=\"22\" alt=\"Image\" loading=\"lazy\"><\/span><\/span><div class=\"x-anchor-text\"><span class=\"x-anchor-text-primary\">Contactez Nous<\/span><\/div><\/div><\/a><div class=\"x-text x-text-headline e152-e23 m48-1o m48-1p m48-1q m48-1u m48-1v m48-1w m48-1x\"><div class=\"x-text-content\"><div class=\"x-text-content-text\"><h1 class=\"x-text-content-text-primary\">Nos Services &amp; Expertises&nbsp;<\/h1>\n<\/div><\/div><\/div><hr class=\"x-line e152-e24 m48-2b\"\/><\/div><\/div><\/div><\/div><div class=\"x-section e152-e25 m48-0 m48-2 m48-5 m48-9\"><div class=\"x-row e152-e26 m48-c m48-g m48-h m48-i m48-j m48-k m48-l m48-m m48-n m48-p m48-q m48-r m48-w m48-11\"><div class=\"x-row-inner\"><div class=\"x-col e152-e27 m48-1a m48-1b m48-1c\"><div class=\"cs-content x-global-block x-global-block-77 e152-e28\"><div class=\"x-section e77-e2 m25-0\"><div class=\"x-row e77-e3 m25-1 m25-2\"><div class=\"x-row-inner\"><div class=\"x-col e77-e4 m25-3\"><span class=\"x-image e77-e5 m25-4\"><img decoding=\"async\" src=\"https:\/\/www.rainbow-ergonomie.com\/wp-content\/uploads\/2026\/03\/Amelioration664.png\" width=\"664\" height=\"664\" alt=\"Image\" loading=\"lazy\"><\/span><div class=\"x-text x-text-headline e77-e6 m25-5\"><div class=\"x-text-content\"><div class=\"x-text-content-text\">\n<h1 class=\"x-text-content-text-primary\">Am&eacute;lioration des conditions de travail et de la performance<\/h1><\/div><\/div><\/div><\/div><div class=\"x-col e77-e7 m25-3\"><span class=\"x-image e77-e8 m25-4\"><img decoding=\"async\" src=\"https:\/\/www.rainbow-ergonomie.com\/wp-content\/uploads\/2026\/03\/Management664.png\" width=\"664\" height=\"664\" alt=\"Image\" loading=\"lazy\"><\/span><div class=\"x-text x-text-headline e77-e9 m25-5\"><div class=\"x-text-content\"><div class=\"x-text-content-text\">\n<h1 class=\"x-text-content-text-primary\">Management et organisation des syst&egrave;mes<\/h1><\/div><\/div><\/div><\/div><div class=\"x-col e77-e10 m25-3\"><span class=\"x-image e77-e11 m25-4\"><img decoding=\"async\" src=\"https:\/\/www.rainbow-ergonomie.com\/wp-content\/uploads\/2026\/03\/Prevention664.png\" width=\"664\" height=\"664\" alt=\"Image\" loading=\"lazy\"><\/span><div class=\"x-text x-text-headline e77-e12 m25-5\"><div class=\"x-text-content\"><div class=\"x-text-content-text\">\n<h1 class=\"x-text-content-text-primary\">Pr&eacute;vention des risques et protection de la sant&eacute;<\/h1><\/div><\/div><\/div><\/div><div class=\"x-col e77-e13 m25-3\"><span class=\"x-image e77-e14 m25-4\"><img decoding=\"async\" src=\"https:\/\/www.rainbow-ergonomie.com\/wp-content\/uploads\/2026\/03\/Accessibilite664.png\" width=\"664\" height=\"664\" alt=\"Image\" loading=\"lazy\"><\/span><div class=\"x-text x-text-headline e77-e15 m25-5\"><div class=\"x-text-content\"><div class=\"x-text-content-text\">\n<h1 class=\"x-text-content-text-primary\">Accessibilit&eacute; et handicap<\/h1><\/div><\/div><\/div><\/div><div class=\"x-col e77-e16 m25-3\"><span class=\"x-image e77-e17 m25-4\"><img decoding=\"async\" src=\"https:\/\/www.rainbow-ergonomie.com\/wp-content\/uploads\/2026\/03\/Mediation664.png\" width=\"664\" height=\"664\" alt=\"Image\" loading=\"lazy\"><\/span><div class=\"x-text x-text-headline e77-e18 m25-5\"><div class=\"x-text-content\"><div class=\"x-text-content-text\">\n<h1 class=\"x-text-content-text-primary\">Conduite du changement et m&eacute;diation<\/h1><\/div><\/div><\/div><\/div><div class=\"x-col e77-e19 m25-3\"><span class=\"x-image e77-e20 m25-4\"><img decoding=\"async\" src=\"https:\/\/www.rainbow-ergonomie.com\/wp-content\/uploads\/2026\/03\/Formation664.png\" width=\"664\" height=\"664\" alt=\"Image\" loading=\"lazy\"><\/span><div class=\"x-text x-text-headline e77-e21 m25-5\"><div class=\"x-text-content\"><div class=\"x-text-content-text\">\n<h1 class=\"x-text-content-text-primary\">Formation et gestion des comp&eacute;tences<\/h1><\/div><\/div><\/div><\/div><\/div><\/div><\/div><\/div><\/div><\/div><\/div><\/div><div class=\"x-section e152-e29 m48-0 m48-2 m48-6 m48-7 m48-a x-force-full-width\"><div class=\"x-row e152-e30 m48-c m48-e m48-f m48-g m48-h m48-i m48-j m48-k m48-l m48-m m48-n m48-w m48-12\"><div class=\"x-row-inner\"><div class=\"x-col e152-e31 m48-1a m48-1b m48-1c\"><div class=\"x-text x-text-headline e152-e32 m48-1o m48-1p m48-1q m48-1v m48-1w m48-1x\"><div class=\"x-text-content\"><div class=\"x-text-content-text\"><h1 class=\"x-text-content-text-primary\">Nos p&eacute;rim&egrave;tres d'activit&eacute;<\/h1>\n<\/div><\/div><\/div><\/div><\/div><\/div><div class=\"x-row e152-e33 m48-c m48-e m48-f m48-i m48-j m48-s m48-13\"><div class=\"x-row-inner\"><div class=\"x-col e152-e34 m48-1a m48-1b m48-1c\"><div class=\"x-text x-text-headline e152-e35 m48-1o m48-1p m48-1r m48-1v m48-1y\"><div class=\"x-text-content\"><div class=\"x-text-content-text\"><h1 class=\"x-text-content-text-primary\">Rainbow Ergonomie<\/h1>\n<\/div><\/div><\/div><\/div><div class=\"x-col e152-e36 m48-1a m48-1b m48-1c\"><hr class=\"x-line e152-e37 m48-2d\"\/><\/div><div class=\"x-col e152-e38 m48-1a m48-1b m48-1c\"><div class=\"x-text x-content e152-e39 m48-22 m48-23 m48-25 m48-27 m48-29 m48-2a\"><ul>\n \t<li><strong>Etudes ergonomiques<\/strong><br \/>\n<em>Postes de travail, \u00e9volution des organisations, changement de process<\/em><\/li>\n \t<li><strong>Pr\u00e9vention des risques professionnels<\/strong><br \/>\n<em>Addiction, TMS , RPS , p\u00e9nibilit\u00e9, QVCT<\/em><\/li>\n \t<li><strong>Audit <\/strong><br \/>\n<em>Absent\u00e9isme, t\u00e9l\u00e9travail, sch\u00e9ma directeur, dialogue social<\/em><\/li>\n \t<li><strong>Conception architecturale<\/strong><br \/>\n<em>AMO, sch\u00e9ma fonctionnel, cahier des usages, am\u00e9nagement d\u2019espace, am\u00e9nagement urbain, mobilier<\/em><\/li>\n \t<li><strong>Accessibilit\u00e9 et gestion du handicap <\/strong><br \/>\n<em>Am\u00e9nagement de poste, diagnostic accessibilit\u00e9, adaptation des lieux de vie<\/em><\/li>\n \t<li><strong>Formation <\/strong><br \/>\n<em>AFEST, formation action, sensibilisation th\u00e9matique, guide de bonnes pratique, bulle de confiance, r\u00e9f\u00e9rent pr\u00e9vention s\u00e9curit\u00e9<\/em><\/li>\n \t<li><strong>Accompagnement au changement<\/strong><br \/>\n<em>Diagnostic, m\u00e9diation, coaching<\/em><\/li>\n \t<li><strong>Conception de produit <\/strong><br \/>\n<em>Equipement, salle de contr\u00f4le, salle de commandes, mobilier <\/em><\/li>\n<\/ul><\/div><\/div><\/div><\/div><div class=\"x-row e152-e40 m48-c m48-e m48-f m48-k m48-m m48-n m48-o m48-w m48-14\"><div class=\"x-row-inner\"><div class=\"x-col e152-e41 m48-1a m48-1b m48-1c\"><hr class=\"x-line e152-e42 m48-2b\"\/><\/div><\/div><\/div><\/div><div class=\"x-section e152-e43 m48-0 m48-2 m48-3 no-right-padding\"><div class=\"x-row e152-e44 m48-c m48-f m48-g m48-h m48-i m48-j m48-k m48-m m48-q m48-t m48-15\"><div class=\"x-row-inner\"><div class=\"x-col e152-e45 m48-1a m48-1b m48-1c\"><span class=\"x-image e152-e46 m48-1f m48-1g m48-1k m48-1l\"><img decoding=\"async\" src=\"https:\/\/www.rainbow-ergonomie.com\/wp-content\/uploads\/2026\/03\/GransGrp624.png\" width=\"312\" height=\"332\" alt=\"Image\" loading=\"lazy\"><\/span><div class=\"x-text x-text-headline e152-e47 m48-1o m48-1q m48-1r m48-1s m48-1t m48-1v m48-1z\"><div class=\"x-text-content\"><div class=\"x-text-content-text\"><h1 class=\"x-text-content-text-primary\">Grands groupes<\/h1>\n<\/div><\/div><\/div><\/div><div class=\"x-col e152-e48 m48-1a m48-1b m48-1c\"><span class=\"x-image e152-e49 m48-1f m48-1g m48-1k m48-1l\"><img decoding=\"async\" src=\"https:\/\/www.rainbow-ergonomie.com\/wp-content\/uploads\/2026\/03\/Collectivites624.png\" width=\"312\" height=\"332\" alt=\"Image\" loading=\"lazy\"><\/span><div class=\"x-text x-text-headline e152-e50 m48-1o m48-1q m48-1r m48-1s m48-1t m48-1v m48-1z\"><div class=\"x-text-content\"><div class=\"x-text-content-text\"><h1 class=\"x-text-content-text-primary\">Collectivit&eacute;s territoriales<\/h1>\n<\/div><\/div><\/div><\/div><div class=\"x-col e152-e51 m48-1a m48-1b m48-1c\"><span class=\"x-image e152-e52 m48-1f m48-1g m48-1k m48-1l\"><img decoding=\"async\" src=\"https:\/\/www.rainbow-ergonomie.com\/wp-content\/uploads\/2026\/03\/PME625.png\" width=\"312\" height=\"332\" alt=\"Image\" loading=\"lazy\"><\/span><div class=\"x-text x-text-headline e152-e53 m48-1o m48-1q m48-1r m48-1s m48-1t m48-1v m48-1z\"><div class=\"x-text-content\"><div class=\"x-text-content-text\"><h1 class=\"x-text-content-text-primary\">Petites et moyennes entreprises<\/h1>\n<\/div><\/div><\/div><\/div><div class=\"x-col e152-e54 m48-1a m48-1b m48-1c\"><span class=\"x-image e152-e55 m48-1f m48-1g m48-1k m48-1l\"><img decoding=\"async\" src=\"https:\/\/www.rainbow-ergonomie.com\/wp-content\/uploads\/2026\/03\/Tertiaire624.png\" width=\"312\" height=\"332\" alt=\"Image\" loading=\"lazy\"><\/span><div class=\"x-text x-text-headline e152-e56 m48-1o m48-1q m48-1r m48-1s m48-1t m48-1v m48-1z\"><div class=\"x-text-content\"><div class=\"x-text-content-text\"><h1 class=\"x-text-content-text-primary\">Secteur tertiaire<\/h1>\n<\/div><\/div><\/div><\/div><\/div><\/div><\/div><div class=\"x-section e152-e57 m48-0 m48-2 m48-5\"><\/div><div class=\"x-section e152-e62 m48-0 m48-2 m48-7 m48-a m48-b x-force-full-width\"><div class=\"x-row e152-e63 m48-c m48-e m48-f m48-g m48-h m48-i m48-j m48-k m48-l m48-m m48-n m48-w m48-17\"><div class=\"x-row-inner\"><div class=\"x-col e152-e64 m48-1a m48-1b m48-1c\"><div class=\"x-text x-text-headline e152-e65 m48-1o m48-1q m48-1s m48-1v m48-1w m48-20\"><div class=\"x-text-content\"><div class=\"x-text-content-text\"><h1 class=\"x-text-content-text-primary\"><span style=\"color: #000000;\">Nos Partenaires<\/span><\/h1>\n<\/div><\/div><\/div><\/div><\/div><\/div><div class=\"x-row e152-e66 m48-c m48-e m48-f m48-h m48-j m48-k m48-l m48-n m48-p m48-v m48-w m48-18\"><div class=\"x-row-inner\"><div class=\"x-col e152-e67 m48-1a m48-1b m48-1e\"><a class=\"x-image e152-e68 m48-1f m48-1g m48-1h m48-1k\" href=\"https:\/\/www.cinov.fr\/\" target=\"_blank\" rel=\"noopener noreferrer\"><img decoding=\"async\" src=\"https:\/\/www.rainbow-ergonomie.com\/wp-content\/uploads\/2026\/03\/newlogo.png\" width=\"360\" height=\"156\" alt=\"Image\" loading=\"lazy\"><\/a><\/div><div class=\"x-col e152-e69 m48-1a m48-1b m48-1e\"><a class=\"x-image e152-e70 m48-1f m48-1g m48-1h m48-1k\" href=\"https:\/\/www.opco-atlas.fr\/\" target=\"_blank\" rel=\"noopener noreferrer\"><img decoding=\"async\" src=\"https:\/\/www.rainbow-ergonomie.com\/wp-content\/uploads\/2026\/04\/Atlas.jpg\" width=\"486\" height=\"299\" alt=\"Image\" loading=\"lazy\"><\/a><\/div><div class=\"x-col e152-e71 m48-1a m48-1b m48-1e\"><a class=\"x-image e152-e72 m48-1f m48-1g m48-1h m48-1k\" href=\"https:\/\/www.cabinetirl.fr\/\" target=\"_blank\" rel=\"noopener noreferrer\"><img decoding=\"async\" src=\"https:\/\/www.rainbow-ergonomie.com\/wp-content\/uploads\/2026\/04\/ImbertReboul.png\" width=\"437\" height=\"408\" alt=\"Image\" loading=\"lazy\"><\/a><\/div><div class=\"x-col e152-e73 m48-1a m48-1b m48-1e\"><a class=\"x-image e152-e74 m48-1f m48-1g m48-1h m48-1k\" href=\"https:\/\/www.sandrinelismonde.fr\/\" target=\"_blank\" rel=\"noopener noreferrer\"><img decoding=\"async\" src=\"https:\/\/www.rainbow-ergonomie.com\/wp-content\/uploads\/2026\/04\/SandrineLismonde.jpg\" width=\"619\" height=\"246\" alt=\"Image\" loading=\"lazy\"><\/a><\/div><\/div><\/div><div class=\"x-row e152-e75 m48-c m48-e m48-f m48-h m48-j m48-k m48-l m48-n m48-p m48-v m48-w m48-19\"><div class=\"x-row-inner\"><div class=\"x-col e152-e76 m48-1a m48-1b m48-1e\"><a class=\"x-image e152-e77 m48-1f m48-1g m48-1h m48-1k m48-1m\" href=\"https:\/\/www.happymanut.net\/\" target=\"_blank\" rel=\"noopener noreferrer\"><img decoding=\"async\" src=\"https:\/\/www.rainbow-ergonomie.com\/wp-content\/uploads\/2026\/04\/Happymanut_logo-1024x226-1.png\" width=\"512\" height=\"113\" alt=\"Image\" loading=\"lazy\"><\/a><\/div><div class=\"x-col e152-e78 m48-1a m48-1b m48-1e\"><a class=\"x-image e152-e79 m48-1f m48-1g m48-1h m48-1k\" href=\"https:\/\/www.restofranceexperts.fr\/\" target=\"_blank\" rel=\"noopener noreferrer\"><img decoding=\"async\" src=\"https:\/\/www.rainbow-ergonomie.com\/wp-content\/uploads\/2026\/04\/rfe.png\" width=\"260\" height=\"160\" alt=\"Image\" loading=\"lazy\"><\/a><\/div><div class=\"x-col e152-e80 m48-1a m48-1b m48-1e\"><a class=\"x-image e152-e81 m48-1f m48-1g m48-1h m48-1k\" href=\"https:\/\/www.cobaty.org\/\" target=\"_blank\" rel=\"noopener noreferrer\"><img decoding=\"async\" src=\"https:\/\/www.rainbow-ergonomie.com\/wp-content\/uploads\/2026\/04\/cobaty-scaled.jpg\" width=\"1280\" height=\"634\" alt=\"Image\" loading=\"lazy\"><\/a><\/div><div class=\"x-col e152-e82 m48-1a m48-1b m48-1e\"><a class=\"x-image e152-e83 m48-1f m48-1g m48-1h m48-1k\" href=\"https:\/\/www.cinov-ergonomie.fr\/\" target=\"_blank\" rel=\"noopener noreferrer\"><img decoding=\"async\" src=\"https:\/\/www.rainbow-ergonomie.com\/wp-content\/uploads\/2026\/03\/CinovErgo.jpg\" width=\"379\" height=\"98\" alt=\"Image\" loading=\"lazy\"><\/a><\/div><\/div><\/div><\/div><\/div>","protected":false},"excerpt":{"rendered":"<p>Rainbow Ergonomie GESTION DE TOUS PROBLEMES D&rsquo;ENTREPRISESA la pointe de l&rsquo;innovation et des changements, l&rsquo;Ergonomie devient essentielle dans le monde du travail et l&rsquo;activit&eacute; humaine.En poursuivant un double objectif de pr&eacute;servation de la sant&eacute;, du bien &ecirc;tre des individus et &#8230; <\/p>\n<div><a href=\"https:\/\/www.rainbow-ergonomie.com\/\" class=\"more-link\">Read More<\/a><\/div>\n","protected":false},"author":1,"featured_media":0,"parent":0,"menu_order":0,"comment_status":"closed","ping_status":"closed","template":"template-blank-4.php","meta":{"footnotes":""},"class_list":["post-152","page","type-page","status-publish","hentry","no-post-thumbnail"],"_links":{"self":[{"href":"https:\/\/www.rainbow-ergonomie.com\/index.php\/wp-json\/wp\/v2\/pages\/152","targetHints":{"allow":["GET"]}}],"collection":[{"href":"https:\/\/www.rainbow-ergonomie.com\/index.php\/wp-json\/wp\/v2\/pages"}],"about":[{"href":"https:\/\/www.rainbow-ergonomie.com\/index.php\/wp-json\/wp\/v2\/types\/page"}],"author":[{"embeddable":true,"href":"https:\/\/www.rainbow-ergonomie.com\/index.php\/wp-json\/wp\/v2\/users\/1"}],"replies":[{"embeddable":true,"href":"https:\/\/www.rainbow-ergonomie.com\/index.php\/wp-json\/wp\/v2\/comments?post=152"}],"version-history":[{"count":37,"href":"https:\/\/www.rainbow-ergonomie.com\/index.php\/wp-json\/wp\/v2\/pages\/152\/revisions"}],"predecessor-version":[{"id":342,"href":"https:\/\/www.rainbow-ergonomie.com\/index.php\/wp-json\/wp\/v2\/pages\/152\/revisions\/342"}],"wp:attachment":[{"href":"https:\/\/www.rainbow-ergonomie.com\/index.php\/wp-json\/wp\/v2\/media?parent=152"}],"curies":[{"name":"wp","href":"https:\/\/api.w.org\/{rel}","templated":true}]}}