{"id":223,"date":"2026-03-18T09:45:29","date_gmt":"2026-03-18T09:45:29","guid":{"rendered":"https:\/\/www.rainbow-ergonomie.com\/?page_id=223"},"modified":"2026-04-01T20:48:45","modified_gmt":"2026-04-01T20:48:45","slug":"realisations","status":"publish","type":"page","link":"https:\/\/www.rainbow-ergonomie.com\/index.php\/realisations\/","title":{"rendered":"R\u00e9alisations"},"content":{"rendered":"<div id=\"cs-content\" class=\"cs-content\"><div class=\"x-section e223-e1 m67-0\"><div class=\"x-div e223-e2 m67-4 m67-5 m67-6\"><div class=\"x-row e223-e3 m67-9 m67-a\"><div class=\"x-row-inner\"><a class=\"x-col e223-e4 m67-b m67-1 m67-2\" href=\"https:\/\/www.rainbow-ergonomie.com\/index.php\/2026\/04\/01\/prevention-des-risques-rps-tms\/\" data-x-effect-provider=\"colors particles effects\" data-x-effect=\"{&quot;durationBase&quot;:&quot;400ms&quot;}\"><figure class=\"x-div e223-e5 m67-4 m67-6 m67-7\"><span class=\"x-image e223-e6 m67-c\"><img decoding=\"async\" src=\"https:\/\/www.rainbow-ergonomie.com\/wp-content\/uploads\/2026\/03\/Prevention664.png\" width=\"332\" height=\"332\" alt=\"Featured image for \u201cPr\u00e9vention des risques RPS &amp; TMS\u201d\" loading=\"lazy\"><\/span><\/figure><article class=\"x-div e223-e7 m67-5 m67-6 m67-8\"><div class=\"x-text x-text-headline e223-e8 m67-d m67-1 m67-3\"><div class=\"x-text-content\"><div class=\"x-text-content-text\"><h2 class=\"x-text-content-text-primary\">Pr\u00e9vention des risques RPS &amp; TMS<\/h2>\n<\/div><\/div><\/div><div class=\"x-text x-content e223-e9 m67-e\">Clinique le Floride PO &#8211; Ehpad PIA &#8211; DDCS91 &#8211; MSA Grand sud &#8211; INSEE &#8211; Ville de Six Fours&hellip;<\/div><\/article><\/a><a class=\"x-col e223-e4 m67-b m67-1 m67-2\" href=\"https:\/\/www.rainbow-ergonomie.com\/index.php\/2026\/04\/01\/projets-hospitaliers\/\" data-x-effect-provider=\"colors particles effects\" data-x-effect=\"{&quot;durationBase&quot;:&quot;400ms&quot;}\"><figure class=\"x-div e223-e5 m67-4 m67-6 m67-7\"><span class=\"x-image e223-e6 m67-c\"><img decoding=\"async\" src=\"https:\/\/www.rainbow-ergonomie.com\/wp-content\/uploads\/2026\/03\/Tertiaire624.png\" width=\"312\" height=\"332\" alt=\"Featured image for \u201cProjets hospitaliers\u201d\" loading=\"lazy\"><\/span><\/figure><article class=\"x-div e223-e7 m67-5 m67-6 m67-8\"><div class=\"x-text x-text-headline e223-e8 m67-d m67-1 m67-3\"><div class=\"x-text-content\"><div class=\"x-text-content-text\"><h2 class=\"x-text-content-text-primary\">Projets hospitaliers<\/h2>\n<\/div><\/div><\/div><div class=\"x-text x-content e223-e9 m67-e\">Centre de r\u00e9\u00e9ducation Barcar\u00e8s &#8211; CH de Mont de Marsan &#8211; CH N\u00eemes &#8211; CH La Ciotat&hellip;<\/div><\/article><\/a><a class=\"x-col e223-e4 m67-b m67-1 m67-2\" href=\"https:\/\/www.rainbow-ergonomie.com\/index.php\/2026\/04\/01\/handicap-accessibilite\/\" data-x-effect-provider=\"colors particles effects\" data-x-effect=\"{&quot;durationBase&quot;:&quot;400ms&quot;}\"><figure class=\"x-div e223-e5 m67-4 m67-6 m67-7\"><span class=\"x-image e223-e6 m67-c\"><img decoding=\"async\" src=\"https:\/\/www.rainbow-ergonomie.com\/wp-content\/uploads\/2026\/03\/Accessibilite664.png\" width=\"332\" height=\"332\" alt=\"Featured image for \u201cHandicap &amp; accessibilit\u00e9\u201d\" loading=\"lazy\"><\/span><\/figure><article class=\"x-div e223-e7 m67-5 m67-6 m67-8\"><div class=\"x-text x-text-headline e223-e8 m67-d m67-1 m67-3\"><div class=\"x-text-content\"><div class=\"x-text-content-text\"><h2 class=\"x-text-content-text-primary\">Handicap &amp; accessibilit\u00e9<\/h2>\n<\/div><\/div><\/div><div class=\"x-text x-content e223-e9 m67-e\">P\u00f4le multi modal TPM &#8211; Plan d\u2019accessibilit\u00e9 Gardanne &#8211; Plan d\u2019accessibilit\u00e9 Hy\u00e8res &#8211; Plan d\u2019accessibilit\u00e9 \u00e9cole architecture Toulouse &#8211; Plan&hellip;<\/div><\/article><\/a><a class=\"x-col e223-e4 m67-b m67-1 m67-2\" href=\"https:\/\/www.rainbow-ergonomie.com\/index.php\/2026\/03\/18\/projets-organisationnels\/\" data-x-effect-provider=\"colors particles effects\" data-x-effect=\"{&quot;durationBase&quot;:&quot;400ms&quot;}\"><figure class=\"x-div e223-e5 m67-4 m67-6 m67-7\"><span class=\"x-image e223-e6 m67-c\"><img decoding=\"async\" src=\"https:\/\/www.rainbow-ergonomie.com\/wp-content\/uploads\/2026\/03\/Nice.jpg\" width=\"129\" height=\"97\" alt=\"Featured image for \u201cProjets organisationnels\u201d\" loading=\"lazy\"><\/span><\/figure><article class=\"x-div e223-e7 m67-5 m67-6 m67-8\"><div class=\"x-text x-text-headline e223-e8 m67-d m67-1 m67-3\"><div class=\"x-text-content\"><div class=\"x-text-content-text\"><h2 class=\"x-text-content-text-primary\">Projets organisationnels<\/h2>\n<\/div><\/div><\/div><div class=\"x-text x-content e223-e9 m67-e\">Ville de Puteaux &#8211;DDTM 06 &#8211; Pr\u00e9fecture du Cantal &#8211; Centre Europ\u00e9en des Entreprises et de l\u2019Innovation &#8211; Archives nationales&hellip;<\/div><\/article><\/a><a class=\"x-col e223-e4 m67-b m67-1 m67-2\" href=\"https:\/\/www.rainbow-ergonomie.com\/index.php\/2019\/02\/16\/accompagnements-a-la-transition-energetique\/\" data-x-effect-provider=\"colors particles effects\" data-x-effect=\"{&quot;durationBase&quot;:&quot;400ms&quot;}\"><figure class=\"x-div e223-e5 m67-4 m67-6 m67-7\"><span class=\"x-image e223-e6 m67-c\"><img decoding=\"async\" src=\"https:\/\/www.rainbow-ergonomie.com\/wp-content\/uploads\/2026\/03\/GransGrp624.png\" width=\"312\" height=\"332\" alt=\"Featured image for \u201cAccompagnements \u00e0 la transition \u00e9nerg\u00e9tique\u201d\" loading=\"lazy\"><\/span><\/figure><article class=\"x-div e223-e7 m67-5 m67-6 m67-8\"><div class=\"x-text x-text-headline e223-e8 m67-d m67-1 m67-3\"><div class=\"x-text-content\"><div class=\"x-text-content-text\"><h2 class=\"x-text-content-text-primary\">Accompagnements \u00e0 la transition \u00e9nerg\u00e9tique<\/h2>\n<\/div><\/div><\/div><div class=\"x-text x-content e223-e9 m67-e\">Pr\u00e9fecture de l\u2019Orne &#8211; Pr\u00e9fecture de la Manche &#8211; DESDEN, DESTPP, DDE, DDDFIP, SGCD 04 &#8211; Cit\u00e9 administrative de Paixans,&hellip;<\/div><\/article><\/a><a class=\"x-col e223-e4 m67-b m67-1 m67-2\" href=\"https:\/\/www.rainbow-ergonomie.com\/index.php\/2019\/02\/16\/rehabilitations-et-conceptions-architecturales\/\" data-x-effect-provider=\"colors particles effects\" data-x-effect=\"{&quot;durationBase&quot;:&quot;400ms&quot;}\"><figure class=\"x-div e223-e5 m67-4 m67-6 m67-7\"><span class=\"x-image e223-e6 m67-c\"><img decoding=\"async\" src=\"https:\/\/www.rainbow-ergonomie.com\/wp-content\/uploads\/2026\/03\/Rectangle-Copy-23.jpg\" width=\"332\" height=\"332\" alt=\"Featured image for \u201cR\u00e9habilitations et conceptions architecturales\u201d\" loading=\"lazy\"><\/span><\/figure><article class=\"x-div e223-e7 m67-5 m67-6 m67-8\"><div class=\"x-text x-text-headline e223-e8 m67-d m67-1 m67-3\"><div class=\"x-text-content\"><div class=\"x-text-content-text\"><h2 class=\"x-text-content-text-primary\">R\u00e9habilitations et conceptions architecturales<\/h2>\n<\/div><\/div><\/div><div class=\"x-text x-content e223-e9 m67-e\">EPHAD Ecouflant &#8211; M\u00e9diath\u00e8que Champigny sur Marne &#8211; Laverie industrielle Gennevilliers &#8211; ESAT Brignoles &#8211; A\u00e9roport Marseille Provence salon VIP&hellip;<\/div><\/article><\/a><a class=\"x-col e223-e4 m67-b m67-1 m67-2\" href=\"https:\/\/www.rainbow-ergonomie.com\/index.php\/2019\/02\/16\/projets-de-la-restauration\/\" data-x-effect-provider=\"colors particles effects\" data-x-effect=\"{&quot;durationBase&quot;:&quot;400ms&quot;}\"><figure class=\"x-div e223-e5 m67-4 m67-6 m67-7\"><span class=\"x-image e223-e6 m67-c\"><img decoding=\"async\" src=\"https:\/\/www.rainbow-ergonomie.com\/wp-content\/uploads\/2026\/03\/Rectangle-Copy-21.jpg\" width=\"332\" height=\"332\" alt=\"Featured image for \u201cProjets de la restauration\u201d\" loading=\"lazy\"><\/span><\/figure><article class=\"x-div e223-e7 m67-5 m67-6 m67-8\"><div class=\"x-text x-text-headline e223-e8 m67-d m67-1 m67-3\"><div class=\"x-text-content\"><div class=\"x-text-content-text\"><h2 class=\"x-text-content-text-primary\">Projets de la restauration<\/h2>\n<\/div><\/div><\/div><div class=\"x-text x-content e223-e9 m67-e\">Cit\u00e9 de l\u2019alimentation, Montpellier &#8211; Lyc\u00e9e Provence verte, ST Maximin &#8211; Cuisine centrale, ST Denis &#8211; Groupe Crescendo restauration &#8211;&hellip;<\/div><\/article><\/a><a class=\"x-col e223-e4 m67-b m67-1 m67-2\" href=\"https:\/\/www.rainbow-ergonomie.com\/index.php\/2019\/02\/16\/projets-amo\/\" data-x-effect-provider=\"colors particles effects\" data-x-effect=\"{&quot;durationBase&quot;:&quot;400ms&quot;}\"><figure class=\"x-div e223-e5 m67-4 m67-6 m67-7\"><span class=\"x-image e223-e6 m67-c\"><img decoding=\"async\" src=\"https:\/\/www.rainbow-ergonomie.com\/wp-content\/uploads\/2026\/03\/Rectangle-Copy-26.jpg\" width=\"332\" height=\"332\" alt=\"Featured image for \u201cProjets AMO\u201d\" loading=\"lazy\"><\/span><\/figure><article class=\"x-div e223-e7 m67-5 m67-6 m67-8\"><div class=\"x-text x-text-headline e223-e8 m67-d m67-1 m67-3\"><div class=\"x-text-content\"><div class=\"x-text-content-text\"><h2 class=\"x-text-content-text-primary\">Projets AMO<\/h2>\n<\/div><\/div><\/div><div class=\"x-text x-content e223-e9 m67-e\">R\u00e9f\u00e9rentiel coll\u00e8ge, Conseil d\u00e9partemental 13 &#8211; Les formes d\u2019habit\u00e9 USH &#8211; Nouvel H\u00f4pital, Dreux &#8211; Gestion de la lourdeur du&hellip;<\/div><\/article><\/a><a class=\"x-col e223-e4 m67-b m67-1 m67-2\" href=\"https:\/\/www.rainbow-ergonomie.com\/index.php\/2019\/02\/16\/postes-et-salles-de-commandes\/\" data-x-effect-provider=\"colors particles effects\" data-x-effect=\"{&quot;durationBase&quot;:&quot;400ms&quot;}\"><figure class=\"x-div e223-e5 m67-4 m67-6 m67-7\"><span class=\"x-image e223-e6 m67-c\"><img decoding=\"async\" src=\"https:\/\/www.rainbow-ergonomie.com\/wp-content\/uploads\/2026\/03\/ROV.jpg\" width=\"137\" height=\"91\" alt=\"Featured image for \u201cPostes et salles de commandes\u201d\" loading=\"lazy\"><\/span><\/figure><article class=\"x-div e223-e7 m67-5 m67-6 m67-8\"><div class=\"x-text x-text-headline e223-e8 m67-d m67-1 m67-3\"><div class=\"x-text-content\"><div class=\"x-text-content-text\"><h2 class=\"x-text-content-text-primary\">Postes et salles de commandes<\/h2>\n<\/div><\/div><\/div><div class=\"x-text x-content e223-e9 m67-e\">IFREMER ROV 6000 &#8211; A\u00e9roport de Strasbourg &#8211; A\u00e9roport Nice Cote-d\u2019Azur &#8211; M\u00e9tro de Lille &#8211; M\u00e9tro S\u00e9tif (Alg\u00e9rie) &#8211;&hellip;<\/div><\/article><\/a><a class=\"x-col e223-e4 m67-b m67-1 m67-2\" href=\"https:\/\/www.rainbow-ergonomie.com\/index.php\/2019\/02\/16\/etablissements-scolaires\/\" data-x-effect-provider=\"colors particles effects\" data-x-effect=\"{&quot;durationBase&quot;:&quot;400ms&quot;}\"><figure class=\"x-div e223-e5 m67-4 m67-6 m67-7\"><span class=\"x-image e223-e6 m67-c\"><img decoding=\"async\" src=\"https:\/\/www.rainbow-ergonomie.com\/wp-content\/uploads\/2026\/03\/Rectangle-Copy-29.jpg\" width=\"332\" height=\"332\" alt=\"Featured image for \u201cEtablissements scolaires\u201d\" loading=\"lazy\"><\/span><\/figure><article class=\"x-div e223-e7 m67-5 m67-6 m67-8\"><div class=\"x-text x-text-headline e223-e8 m67-d m67-1 m67-3\"><div class=\"x-text-content\"><div class=\"x-text-content-text\"><h2 class=\"x-text-content-text-primary\">Etablissements scolaires<\/h2>\n<\/div><\/div><\/div><div class=\"x-text x-content e223-e9 m67-e\">Ecole de Neuilly sur Seine &#8211; Ecole priv\u00e9e pain d\u2019\u00e9pices, Nice &#8211; Universit\u00e9 de Grenoble &#8211; Universit\u00e9 de Tours &#8211;&hellip;<\/div><\/article><\/a><a class=\"x-col e223-e4 m67-b m67-1 m67-2\" href=\"https:\/\/www.rainbow-ergonomie.com\/index.php\/2019\/02\/16\/equipements\/\" data-x-effect-provider=\"colors particles effects\" data-x-effect=\"{&quot;durationBase&quot;:&quot;400ms&quot;}\"><figure class=\"x-div e223-e5 m67-4 m67-6 m67-7\"><span class=\"x-image e223-e6 m67-c\"><img decoding=\"async\" src=\"https:\/\/www.rainbow-ergonomie.com\/wp-content\/uploads\/2026\/03\/Rectangle-Copy-31.jpg\" width=\"332\" height=\"332\" alt=\"Featured image for \u201cEquipements\u201d\" loading=\"lazy\"><\/span><\/figure><article class=\"x-div e223-e7 m67-5 m67-6 m67-8\"><div class=\"x-text x-text-headline e223-e8 m67-d m67-1 m67-3\"><div class=\"x-text-content\"><div class=\"x-text-content-text\"><h2 class=\"x-text-content-text-primary\">Equipements<\/h2>\n<\/div><\/div><\/div><div class=\"x-text x-content e223-e9 m67-e\">Am\u00e9nagement de v\u00e9hicule de soins ARARD &#8211; Conception d\u2019\u00e9quipement SPA SIREM &#8211; Poste de travail EST, les Gardons &#8211; Conception&hellip;<\/div><\/article><\/a><\/div><\/div><\/div><\/div><\/div>","protected":false},"excerpt":{"rendered":"<p>Pr\u00e9vention des risques RPS &amp; TMS Clinique le Floride PO &#8211; Ehpad PIA &#8211; DDCS91 &#8211; MSA Grand sud &#8211; INSEE &#8211; Ville de Six Fours&hellip;Projets hospitaliers Centre de r\u00e9\u00e9ducation Barcar\u00e8s &#8211; CH de Mont de Marsan &#8211; CH N\u00eemes &#8230; <\/p>\n<div><a href=\"https:\/\/www.rainbow-ergonomie.com\/index.php\/realisations\/\" class=\"more-link\">Read More<\/a><\/div>\n","protected":false},"author":1,"featured_media":0,"parent":0,"menu_order":0,"comment_status":"closed","ping_status":"closed","template":"template-blank-4.php","meta":{"footnotes":""},"class_list":["post-223","page","type-page","status-publish","hentry","no-post-thumbnail"],"_links":{"self":[{"href":"https:\/\/www.rainbow-ergonomie.com\/index.php\/wp-json\/wp\/v2\/pages\/223","targetHints":{"allow":["GET"]}}],"collection":[{"href":"https:\/\/www.rainbow-ergonomie.com\/index.php\/wp-json\/wp\/v2\/pages"}],"about":[{"href":"https:\/\/www.rainbow-ergonomie.com\/index.php\/wp-json\/wp\/v2\/types\/page"}],"author":[{"embeddable":true,"href":"https:\/\/www.rainbow-ergonomie.com\/index.php\/wp-json\/wp\/v2\/users\/1"}],"replies":[{"embeddable":true,"href":"https:\/\/www.rainbow-ergonomie.com\/index.php\/wp-json\/wp\/v2\/comments?post=223"}],"version-history":[{"count":5,"href":"https:\/\/www.rainbow-ergonomie.com\/index.php\/wp-json\/wp\/v2\/pages\/223\/revisions"}],"predecessor-version":[{"id":281,"href":"https:\/\/www.rainbow-ergonomie.com\/index.php\/wp-json\/wp\/v2\/pages\/223\/revisions\/281"}],"wp:attachment":[{"href":"https:\/\/www.rainbow-ergonomie.com\/index.php\/wp-json\/wp\/v2\/media?parent=223"}],"curies":[{"name":"wp","href":"https:\/\/api.w.org\/{rel}","templated":true}]}}